{"id":80,"date":"2014-12-23T21:35:30","date_gmt":"2014-12-23T21:35:30","guid":{"rendered":"http:\/\/www.ordered-impressions.com\/?page_id=80"},"modified":"2015-01-29T09:32:10","modified_gmt":"2015-01-29T09:32:10","slug":"contact","status":"publish","type":"page","link":"http:\/\/www.ordered-impressions.com\/?page_id=80","title":{"rendered":"Contact"},"content":{"rendered":"<p>Ich w\u00fcrde mich freuen, falls Sie Interesse an den hier gezeigten Fotos haben sollten oder sie gerne zus\u00e4tzliche Information zu Einzelnen bekommen m\u00f6chten, bzw. weitere Fragen haben. Schreiben Sie mir dazu!<\/p>\n\n<div class=\"wpcf7 no-js\" id=\"wpcf7-f4-o1\" lang=\"de-DE\" dir=\"ltr\">\n<div class=\"screen-reader-response\"><p role=\"status\" aria-live=\"polite\" aria-atomic=\"true\"><\/p> <ul><\/ul><\/div>\n<form action=\"\/index.php?rest_route=%2Fwp%2Fv2%2Fpages%2F80#wpcf7-f4-o1\" method=\"post\" class=\"wpcf7-form init\" aria-label=\"Kontaktformular\" novalidate=\"novalidate\" data-status=\"init\">\n<div style=\"display: none;\">\n<input type=\"hidden\" name=\"_wpcf7\" value=\"4\" \/>\n<input type=\"hidden\" name=\"_wpcf7_version\" value=\"5.7.5.1\" \/>\n<input type=\"hidden\" name=\"_wpcf7_locale\" value=\"de_DE\" \/>\n<input type=\"hidden\" name=\"_wpcf7_unit_tag\" value=\"wpcf7-f4-o1\" \/>\n<input type=\"hidden\" name=\"_wpcf7_container_post\" value=\"0\" \/>\n<input type=\"hidden\" name=\"_wpcf7_posted_data_hash\" value=\"\" \/>\n<\/div>\n<p><strong>Name<\/strong> (Pflichtfeld)\n<\/p>\n<p><span class=\"wpcf7-form-control-wrap\" data-name=\"your-name\"><input size=\"40\" class=\"wpcf7-form-control wpcf7-text wpcf7-validates-as-required\" aria-required=\"true\" aria-invalid=\"false\" value=\"\" type=\"text\" name=\"your-name\" \/><\/span>\n<\/p>\n<p><strong>E-Mail<\/strong> (Pflichtfeld)\n<\/p>\n<p><span class=\"wpcf7-form-control-wrap\" data-name=\"your-email\"><input size=\"40\" class=\"wpcf7-form-control wpcf7-text wpcf7-email wpcf7-validates-as-required wpcf7-validates-as-email\" aria-required=\"true\" aria-invalid=\"false\" value=\"\" type=\"email\" name=\"your-email\" \/><\/span>\n<\/p>\n<p><strong>Betreff<\/strong>\n<\/p>\n<p><span class=\"wpcf7-form-control-wrap\" data-name=\"your-subject\"><input size=\"40\" class=\"wpcf7-form-control wpcf7-text\" aria-invalid=\"false\" value=\"\" type=\"text\" name=\"your-subject\" \/><\/span>\n<\/p>\n<p><strong>Ihre Nachricht<\/strong>\n<\/p>\n<p><span class=\"wpcf7-form-control-wrap\" data-name=\"your-message\"><textarea cols=\"40\" rows=\"10\" class=\"wpcf7-form-control wpcf7-textarea\" aria-invalid=\"false\" name=\"your-message\"><\/textarea><\/span>\n<\/p>\n<p><input class=\"wpcf7-form-control has-spinner wpcf7-submit\" type=\"submit\" value=\"Senden\" \/>\n<\/p><p style=\"display: none !important;\"><label>&#916;<textarea name=\"_wpcf7_ak_hp_textarea\" cols=\"45\" rows=\"8\" maxlength=\"100\"><\/textarea><\/label><input type=\"hidden\" id=\"ak_js_1\" name=\"_wpcf7_ak_js\" value=\"237\"\/><script>document.getElementById( \"ak_js_1\" ).setAttribute( \"value\", ( new Date() ).getTime() );<\/script><\/p><div class=\"wpcf7-response-output\" aria-hidden=\"true\"><\/div>\n<\/form>\n<\/div>\n\n","protected":false},"excerpt":{"rendered":"<p>Ich w\u00fcrde mich freuen, falls Sie Interesse an den hier gezeigten Fotos haben sollten oder sie gerne zus\u00e4tzliche Information zu Einzelnen bekommen m\u00f6chten, bzw. weitere Fragen haben. Schreiben Sie mir dazu!<\/p>\n","protected":false},"author":1,"featured_media":229,"parent":40,"menu_order":0,"comment_status":"open","ping_status":"open","template":"page-about.php","meta":[],"yoast_head":"<!-- This site is optimized with the Yoast SEO plugin v20.4 - https:\/\/yoast.com\/wordpress\/plugins\/seo\/ -->\n<title>Contact - Gregor Barth<\/title>\n<meta name=\"robots\" content=\"index, follow, max-snippet:-1, max-image-preview:large, max-video-preview:-1\" \/>\n<link rel=\"canonical\" href=\"http:\/\/www.ordered-impressions.com\/?page_id=80\" \/>\n<meta property=\"og:locale\" content=\"de_DE\" \/>\n<meta property=\"og:type\" content=\"article\" \/>\n<meta property=\"og:title\" content=\"Contact - Gregor Barth\" \/>\n<meta property=\"og:description\" content=\"Ich w\u00fcrde mich freuen, falls Sie Interesse an den hier gezeigten Fotos haben sollten oder sie gerne zus\u00e4tzliche Information zu Einzelnen bekommen m\u00f6chten, bzw. weitere Fragen haben. Schreiben Sie mir dazu!\" \/>\n<meta property=\"og:url\" content=\"http:\/\/www.ordered-impressions.com\/?page_id=80\" \/>\n<meta property=\"og:site_name\" content=\"Gregor Barth\" \/>\n<meta property=\"article:modified_time\" content=\"2015-01-29T09:32:10+00:00\" \/>\n<meta property=\"og:image\" content=\"http:\/\/www.ordered-impressions.com\/wp-content\/uploads\/2014\/12\/moewe170120091.jpg\" \/>\n\t<meta property=\"og:image:width\" content=\"939\" \/>\n\t<meta property=\"og:image:height\" content=\"626\" \/>\n\t<meta property=\"og:image:type\" content=\"image\/jpeg\" \/>\n<meta name=\"twitter:card\" content=\"summary_large_image\" \/>\n<script type=\"application\/ld+json\" class=\"yoast-schema-graph\">{\"@context\":\"https:\/\/schema.org\",\"@graph\":[{\"@type\":\"WebPage\",\"@id\":\"http:\/\/www.ordered-impressions.com\/?page_id=80\",\"url\":\"http:\/\/www.ordered-impressions.com\/?page_id=80\",\"name\":\"Contact - Gregor Barth\",\"isPartOf\":{\"@id\":\"http:\/\/www.ordered-impressions.com\/#website\"},\"datePublished\":\"2014-12-23T21:35:30+00:00\",\"dateModified\":\"2015-01-29T09:32:10+00:00\",\"breadcrumb\":{\"@id\":\"http:\/\/www.ordered-impressions.com\/?page_id=80#breadcrumb\"},\"inLanguage\":\"de\",\"potentialAction\":[{\"@type\":\"ReadAction\",\"target\":[\"http:\/\/www.ordered-impressions.com\/?page_id=80\"]}]},{\"@type\":\"BreadcrumbList\",\"@id\":\"http:\/\/www.ordered-impressions.com\/?page_id=80#breadcrumb\",\"itemListElement\":[{\"@type\":\"ListItem\",\"position\":1,\"name\":\"Startseite\",\"item\":\"http:\/\/www.ordered-impressions.com\/\"},{\"@type\":\"ListItem\",\"position\":2,\"name\":\"Ordered Impressions\",\"item\":\"http:\/\/www.ordered-impressions.com\/\"},{\"@type\":\"ListItem\",\"position\":3,\"name\":\"Contact\"}]},{\"@type\":\"WebSite\",\"@id\":\"http:\/\/www.ordered-impressions.com\/#website\",\"url\":\"http:\/\/www.ordered-impressions.com\/\",\"name\":\"Gregor Barth\",\"description\":\"Photography\",\"potentialAction\":[{\"@type\":\"SearchAction\",\"target\":{\"@type\":\"EntryPoint\",\"urlTemplate\":\"http:\/\/www.ordered-impressions.com\/?s={search_term_string}\"},\"query-input\":\"required name=search_term_string\"}],\"inLanguage\":\"de\"}]}<\/script>\n<!-- \/ Yoast SEO plugin. -->","yoast_head_json":{"title":"Contact - Gregor Barth","robots":{"index":"index","follow":"follow","max-snippet":"max-snippet:-1","max-image-preview":"max-image-preview:large","max-video-preview":"max-video-preview:-1"},"canonical":"http:\/\/www.ordered-impressions.com\/?page_id=80","og_locale":"de_DE","og_type":"article","og_title":"Contact - Gregor Barth","og_description":"Ich w\u00fcrde mich freuen, falls Sie Interesse an den hier gezeigten Fotos haben sollten oder sie gerne zus\u00e4tzliche Information zu Einzelnen bekommen m\u00f6chten, bzw. weitere Fragen haben. Schreiben Sie mir dazu!","og_url":"http:\/\/www.ordered-impressions.com\/?page_id=80","og_site_name":"Gregor Barth","article_modified_time":"2015-01-29T09:32:10+00:00","og_image":[{"width":939,"height":626,"url":"http:\/\/www.ordered-impressions.com\/wp-content\/uploads\/2014\/12\/moewe170120091.jpg","type":"image\/jpeg"}],"twitter_card":"summary_large_image","schema":{"@context":"https:\/\/schema.org","@graph":[{"@type":"WebPage","@id":"http:\/\/www.ordered-impressions.com\/?page_id=80","url":"http:\/\/www.ordered-impressions.com\/?page_id=80","name":"Contact - Gregor Barth","isPartOf":{"@id":"http:\/\/www.ordered-impressions.com\/#website"},"datePublished":"2014-12-23T21:35:30+00:00","dateModified":"2015-01-29T09:32:10+00:00","breadcrumb":{"@id":"http:\/\/www.ordered-impressions.com\/?page_id=80#breadcrumb"},"inLanguage":"de","potentialAction":[{"@type":"ReadAction","target":["http:\/\/www.ordered-impressions.com\/?page_id=80"]}]},{"@type":"BreadcrumbList","@id":"http:\/\/www.ordered-impressions.com\/?page_id=80#breadcrumb","itemListElement":[{"@type":"ListItem","position":1,"name":"Startseite","item":"http:\/\/www.ordered-impressions.com\/"},{"@type":"ListItem","position":2,"name":"Ordered Impressions","item":"http:\/\/www.ordered-impressions.com\/"},{"@type":"ListItem","position":3,"name":"Contact"}]},{"@type":"WebSite","@id":"http:\/\/www.ordered-impressions.com\/#website","url":"http:\/\/www.ordered-impressions.com\/","name":"Gregor Barth","description":"Photography","potentialAction":[{"@type":"SearchAction","target":{"@type":"EntryPoint","urlTemplate":"http:\/\/www.ordered-impressions.com\/?s={search_term_string}"},"query-input":"required name=search_term_string"}],"inLanguage":"de"}]}},"_links":{"self":[{"href":"http:\/\/www.ordered-impressions.com\/index.php?rest_route=\/wp\/v2\/pages\/80"}],"collection":[{"href":"http:\/\/www.ordered-impressions.com\/index.php?rest_route=\/wp\/v2\/pages"}],"about":[{"href":"http:\/\/www.ordered-impressions.com\/index.php?rest_route=\/wp\/v2\/types\/page"}],"author":[{"embeddable":true,"href":"http:\/\/www.ordered-impressions.com\/index.php?rest_route=\/wp\/v2\/users\/1"}],"replies":[{"embeddable":true,"href":"http:\/\/www.ordered-impressions.com\/index.php?rest_route=%2Fwp%2Fv2%2Fcomments&post=80"}],"version-history":[{"count":5,"href":"http:\/\/www.ordered-impressions.com\/index.php?rest_route=\/wp\/v2\/pages\/80\/revisions"}],"predecessor-version":[{"id":85,"href":"http:\/\/www.ordered-impressions.com\/index.php?rest_route=\/wp\/v2\/pages\/80\/revisions\/85"}],"up":[{"embeddable":true,"href":"http:\/\/www.ordered-impressions.com\/index.php?rest_route=\/wp\/v2\/pages\/40"}],"wp:featuredmedia":[{"embeddable":true,"href":"http:\/\/www.ordered-impressions.com\/index.php?rest_route=\/wp\/v2\/media\/229"}],"wp:attachment":[{"href":"http:\/\/www.ordered-impressions.com\/index.php?rest_route=%2Fwp%2Fv2%2Fmedia&parent=80"}],"curies":[{"name":"wp","href":"https:\/\/api.w.org\/{rel}","templated":true}]}}